{"id":4582,"date":"2023-09-03T15:42:49","date_gmt":"2023-09-03T18:42:49","guid":{"rendered":"https:\/\/homolog.escolamobile.com.br\/reconhecimento-nacional\/"},"modified":"2024-06-18T19:21:20","modified_gmt":"2024-06-18T22:21:20","slug":"reconhecimento-nacional","status":"publish","type":"page","link":"https:\/\/homolog.escolamobile.com.br\/en\/reconhecimento-nacional\/","title":{"rendered":"Reconhecimento Nacional"},"content":{"rendered":"\n<h1 class=\"wp-block-heading text-4xl lg:text-5xl font-regular leading-tight lg:mt-40 mb-20\">M\u00f3bile tem os <strong>melhores resultados<\/strong> do pa\u00eds&nbsp;no Enem<\/h1>\n\n\n\n<p class=\"font-light\">O Exame Nacional do Ensino M\u00e9dio (Enem) \u00e9 a segunda maior prova de acesso ao ensino superior do mundo, ficando atr\u00e1s apenas do exame chin\u00eas Gaokao. Entre os anos de 2022 e 1999, o Instituto Nacional de Estudos e Pesquisas Educacionais An\u00edsio Teixeira (Inep) divulgou os microdados do Enem, os quais possibilitaram localizar a posi\u00e7\u00e3o da M\u00f3bile em S\u00e3o Paulo e no Brasil. Em todas as vers\u00f5es do exame, os alunos e alunas da M\u00f3bile obtiveram excelentes resultados nas provas de Ci\u00eancias Humanas e Naturais, Matem\u00e1tica, Linguagens e Produ\u00e7\u00e3o de Texto. Considerando as institui\u00e7\u00f5es de ensino que inscreveram 100 ou mais estudantes na prova, estivemos entre as cinco melhores escolas da cidade e do Estado de S\u00e3o Paulo e entre as dez do pa\u00eds no\u00a0<em>ranking<\/em>\u00a0divulgado pela imprensa em todos esses anos.<br><br>Em 2024, o <em>site Metr\u00f3poles<\/em> divulgou os dados do Enem 2023, e a M\u00f3bile ficou entre as\u00a0<strong>10 escolas melhor classificadas do Brasil<\/strong>, sendo a \u00fanica institui\u00e7\u00e3o da capital a fazer parte dessa lista de escolas que inscreveram mais de 100 estudantes no Exame. Em 2023, a M\u00f3bile comemorou tamb\u00e9m o fato de manter o\u00a0<strong>1\u00ba lugar no Enem na cidade de S\u00e3o Paulo h\u00e1 11 onze anos consecutivos (2013 e 2023)<\/strong>\u00a0entre as escolas com mais de 100 alunos(as) participantes desse importante instrumento avaliativo nacional.<br><br>Atribu\u00edmos esse desempenho ao trabalho excepcional e incans\u00e1vel realizado por nossos(as) educadores(as)\u00a0\u2012\u00a0da Educa\u00e7\u00e3o Infantil ao Ensino M\u00e9dio\u00a0\u2012\u00a0e \u00e0 dedica\u00e7\u00e3o de nossos alunos e alunas. Temos convic\u00e7\u00e3o de que os in\u00fameros projetos realizados na escola (M\u00f3bile na Metr\u00f3pole, Inicia\u00e7\u00e3o Cient\u00edfica, Semana Liter\u00e1ria, 9\u00ba Em Cena, MobMun, Gincana do Conhecimento, Olimp\u00edada Canguru e outros) e as excelentes aulas (de n\u00facleo comum e eletivas) garantem muito mais do que as notas obtidas no Enem, mas nos orgulhamos (tamb\u00e9m) dessa conquista coletiva.<\/p>\n\n\n\n<p class=\"font-light\">A seguir, voc\u00ea poder\u00e1 acessar informa\u00e7\u00f5es sobre o desempenho da M\u00f3bile desde de 2016.<\/p>\n","protected":false},"excerpt":{"rendered":"<p>M\u00f3bile tem os melhores resultados do pa\u00eds&nbsp;no Enem O Exame Nacional do Ensino M\u00e9dio (Enem) <a class=\"read-more\" href=\"https:\/\/homolog.escolamobile.com.br\/en\/reconhecimento-nacional\/\" title=\"Learn More\">Learn More<\/a><\/p>\n","protected":false},"author":10,"featured_media":0,"parent":0,"menu_order":16,"comment_status":"closed","ping_status":"closed","template":"","meta":{"_acf_changed":false,"footnotes":""},"class_list":["post-4582","page","type-page","status-publish","hentry"],"acf":[],"_links":{"self":[{"href":"https:\/\/homolog.escolamobile.com.br\/en\/wp-json\/wp\/v2\/pages\/4582","targetHints":{"allow":["GET"]}}],"collection":[{"href":"https:\/\/homolog.escolamobile.com.br\/en\/wp-json\/wp\/v2\/pages"}],"about":[{"href":"https:\/\/homolog.escolamobile.com.br\/en\/wp-json\/wp\/v2\/types\/page"}],"author":[{"embeddable":true,"href":"https:\/\/homolog.escolamobile.com.br\/en\/wp-json\/wp\/v2\/users\/10"}],"replies":[{"embeddable":true,"href":"https:\/\/homolog.escolamobile.com.br\/en\/wp-json\/wp\/v2\/comments?post=4582"}],"version-history":[{"count":15,"href":"https:\/\/homolog.escolamobile.com.br\/en\/wp-json\/wp\/v2\/pages\/4582\/revisions"}],"predecessor-version":[{"id":5172,"href":"https:\/\/homolog.escolamobile.com.br\/en\/wp-json\/wp\/v2\/pages\/4582\/revisions\/5172"}],"wp:attachment":[{"href":"https:\/\/homolog.escolamobile.com.br\/en\/wp-json\/wp\/v2\/media?parent=4582"}],"curies":[{"name":"wp","href":"https:\/\/api.w.org\/{rel}","templated":true}]}}