{"id":4648,"date":"2022-04-29T04:35:24","date_gmt":"2022-04-29T07:35:24","guid":{"rendered":"https:\/\/homolog.escolamobile.com.br\/portal-de-privacidade\/"},"modified":"2024-03-14T15:58:24","modified_gmt":"2024-03-14T18:58:24","slug":"privacy-portal","status":"publish","type":"page","link":"https:\/\/homolog.escolamobile.com.br\/en\/privacy-portal\/","title":{"rendered":"Privacy Portal"},"content":{"rendered":"\n<pre class=\"wp-block-preformatted\">A Escola M\u00f3bile reconhece a import\u00e2ncia da privacidade de dados pessoais e, em atendimento \u00e0 Lei Geral de Prote\u00e7\u00e3o de Dados Pessoais \u2013 LGPD, deseja que voc\u00ea se familiarize com a maneira como h\u00e1 a coleta, o armazenamento e o tratamento dos seus dados.<\/pre>\n\n\n\n<a class=\"flex items-center my-40 hover:underline\" href=\"https:\/\/homolog.escolamobile.com.br\/en\/politica-de-cookies\/\">\n        <div class=\"text-xl \">Pol\u00edtica de Cookies<\/div>\n        <svg class=\"ml-10\" width=\"17\" height=\"18\" viewBox=\"0 0 17 18\" fill=\"none\" xmlns=\"http:\/\/www.w3.org\/2000\/svg\">\n            <path d=\"M9.45322 0.999998L16.5723 8.19988C17.0618 8.695 17.0618 9.305 16.5723 9.80012L9.45321 17\" stroke=\"#2C2C2C\" stroke-width=\"1.5\"><\/path>\n            <line x1=\"16.9395\" y1=\"8.79102\" x2=\"0.499086\" y2=\"8.79101\" stroke=\"#2C2C2C\" stroke-width=\"1.5\"><\/line>\n        <\/svg>\n    <\/a>\n\n\n\n<a class=\"flex items-center my-40 hover:underline\" href=\"https:\/\/homolog.escolamobile.com.br\/en\/politica-de-privacidade-de-dados-global\/\">\n        <div class=\"text-xl \">Pol\u00edtica de Privacidade de Dados Global<\/div>\n        <svg class=\"ml-10\" width=\"17\" height=\"18\" viewBox=\"0 0 17 18\" fill=\"none\" xmlns=\"http:\/\/www.w3.org\/2000\/svg\">\n            <path d=\"M9.45322 0.999998L16.5723 8.19988C17.0618 8.695 17.0618 9.305 16.5723 9.80012L9.45321 17\" stroke=\"#2C2C2C\" stroke-width=\"1.5\"><\/path>\n            <line x1=\"16.9395\" y1=\"8.79102\" x2=\"0.499086\" y2=\"8.79101\" stroke=\"#2C2C2C\" stroke-width=\"1.5\"><\/line>\n        <\/svg>\n    <\/a>\n\n\n\n<pre class=\"wp-block-preformatted\">A Escola M\u00f3bile adota as melhores pr\u00e1ticas de Seguran\u00e7a da Informa\u00e7\u00e3o, priorizando a seguran\u00e7a e prote\u00e7\u00e3o dos dados pessoais de seus alunos (as) e respons\u00e1veis, professores (as), funcion\u00e1rios (as) em geral e candidatos a vagas em nossos processos de sele\u00e7\u00e3o internos.\n\nConforme previsto no artigo 41 da Lei Geral de Prote\u00e7\u00e3o de Dados, o encarregado pelo tratamento de dados pessoais na Escola M\u00f3bile fica aqui publicado para execu\u00e7\u00e3o das atividades e responsabilidades presentes na LGPD (Lei 13.709\/18).<\/pre>\n\n\n\n<pre class=\"wp-block-preformatted\">Contato:\n<strong>dpo@escolamobile.com.br<\/strong>\nRua Diogo Jacome, 818, Moema\nCEP 04512-001, S\u00e3o Paulo \u2013 SP, Brasil<\/pre>\n\n\n\n<pre class=\"wp-block-preformatted\">Conforme previsto no artigo 18 da Lei Geral de Prote\u00e7\u00e3o de Dados (Lei 13.709\/18), a Escola M\u00f3bile disponibiliza um canal de atendimento para que o(a) titular dos dados pessoais possa exercer os seus direitos.<\/pre>\n\n\n\n<a class=\"flex items-center my-40 hover:underline\" href=\"\">\n        <div class=\"text-xl \">Formul\u00e1rio para exerc\u00edcio dos direitos do(a) titular de dados pessoais<\/div>\n        <svg class=\"ml-10\" width=\"17\" height=\"18\" viewBox=\"0 0 17 18\" fill=\"none\" xmlns=\"http:\/\/www.w3.org\/2000\/svg\">\n            <path d=\"M9.45322 0.999998L16.5723 8.19988C17.0618 8.695 17.0618 9.305 16.5723 9.80012L9.45321 17\" stroke=\"#2C2C2C\" stroke-width=\"1.5\"><\/path>\n            <line x1=\"16.9395\" y1=\"8.79102\" x2=\"0.499086\" y2=\"8.79101\" stroke=\"#2C2C2C\" stroke-width=\"1.5\"><\/line>\n        <\/svg>\n    <\/a>\n","protected":false},"excerpt":{"rendered":"<p>A Escola M\u00f3bile reconhece a import\u00e2ncia da privacidade de dados pessoais e, em atendimento \u00e0 <a class=\"read-more\" href=\"https:\/\/homolog.escolamobile.com.br\/en\/privacy-portal\/\" title=\"Learn More\">Learn More<\/a><\/p>\n","protected":false},"author":10,"featured_media":0,"parent":0,"menu_order":19,"comment_status":"closed","ping_status":"closed","template":"","meta":{"_acf_changed":false,"footnotes":""},"class_list":["post-4648","page","type-page","status-publish","hentry"],"acf":[],"_links":{"self":[{"href":"https:\/\/homolog.escolamobile.com.br\/en\/wp-json\/wp\/v2\/pages\/4648","targetHints":{"allow":["GET"]}}],"collection":[{"href":"https:\/\/homolog.escolamobile.com.br\/en\/wp-json\/wp\/v2\/pages"}],"about":[{"href":"https:\/\/homolog.escolamobile.com.br\/en\/wp-json\/wp\/v2\/types\/page"}],"author":[{"embeddable":true,"href":"https:\/\/homolog.escolamobile.com.br\/en\/wp-json\/wp\/v2\/users\/10"}],"replies":[{"embeddable":true,"href":"https:\/\/homolog.escolamobile.com.br\/en\/wp-json\/wp\/v2\/comments?post=4648"}],"version-history":[{"count":1,"href":"https:\/\/homolog.escolamobile.com.br\/en\/wp-json\/wp\/v2\/pages\/4648\/revisions"}],"predecessor-version":[{"id":4746,"href":"https:\/\/homolog.escolamobile.com.br\/en\/wp-json\/wp\/v2\/pages\/4648\/revisions\/4746"}],"wp:attachment":[{"href":"https:\/\/homolog.escolamobile.com.br\/en\/wp-json\/wp\/v2\/media?parent=4648"}],"curies":[{"name":"wp","href":"https:\/\/api.w.org\/{rel}","templated":true}]}}