{"id":4651,"date":"2022-04-28T19:12:57","date_gmt":"2022-04-28T22:12:57","guid":{"rendered":"https:\/\/homolog.escolamobile.com.br\/entre-em-contato\/"},"modified":"2026-01-29T15:06:56","modified_gmt":"2026-01-29T18:06:56","slug":"entre-em-contato","status":"publish","type":"page","link":"https:\/\/homolog.escolamobile.com.br\/en\/entre-em-contato\/","title":{"rendered":"Contato"},"content":{"rendered":"\n<div class=\"container mx-auto px-30 lg:px-0 mt-48 my-80\">\n\t<div class=\"flex justify-between items-center mb-64\">\n\t\t<div>\n\t\t\t<h1 class=\"text-4xl lg:text-5xl font-bold\">Entre em contato<\/h1>\n\t\t\t<p class=\"text-lg lg:text-xl\">Est\u00e1 com alguma d\u00favida ou tem uma solicita\u00e7\u00e3o?<br><strong>Temos uma equipe pronta para receb\u00ea-lo(a):<\/strong><\/p>\n\t\t<\/div>\n\n\t\t<div class=\"border border-black rounded-full py-5 px-20 items-center hidden lg:flex\">\n\t\t\t<svg class=\"mr-10\" width=\"51\" height=\"53\" viewBox=\"0 0 51 53\" fill=\"none\" xmlns=\"http:\/\/www.w3.org\/2000\/svg\">\n\t\t\t\t<g clip-path=\"url(#clip0_360_19042)\">\n\t\t\t\t\t<path d=\"M45.1354 23.7667C45.0666 18.9123 43.1159 14.2761 39.6977 10.8435C36.2795 7.41038 31.6629 5.4515 26.8287 5.38254C25.8749 5.37381 24.9982 4.85416 24.5291 4.02018C24.0597 3.18624 24.0692 2.16401 24.554 1.33879C25.0387 0.513575 25.9247 0.0109162 26.8789 0.0196431C33.1093 0.108609 39.0601 2.6341 43.4667 7.05874C47.873 11.4837 50.3876 17.4594 50.4758 23.7165C50.4828 24.4278 50.2079 25.1129 49.7116 25.6206C49.2156 26.1282 48.5388 26.4167 47.8305 26.4225H47.8048C47.101 26.4225 46.4258 26.1435 45.9261 25.6463C45.426 25.1487 45.142 24.4732 45.1358 23.7669L45.1354 23.7667ZM26.853 1.88241C26.4047 1.88324 26.0408 2.24742 26.0387 2.69765C26.0367 3.14789 26.3968 3.5158 26.8456 3.52038C32.1644 3.59604 37.2447 5.75159 41.0064 9.52885C44.7678 13.3061 46.9143 18.4075 46.9901 23.7495C46.9938 24.1989 47.3577 24.561 47.8052 24.5605H47.8131C48.0292 24.5589 48.2361 24.4712 48.3877 24.3161C48.5392 24.161 48.6232 23.9519 48.6207 23.7349C48.5392 17.965 46.2208 12.4548 42.1577 8.37342C38.0945 4.29306 32.6073 1.96457 26.8619 1.88231L26.853 1.88241Z\" fill=\"#2C2C2C\" \/>\n\t\t\t\t\t<path d=\"M40.6843 27.7717H40.6814C39.9735 27.7717 39.2946 27.4894 38.7941 26.9864C38.2936 26.4834 38.0129 25.8015 38.0137 25.0903C38.0087 21.8319 36.7176 18.7085 34.4228 16.4046C32.1278 14.101 29.0167 12.8053 25.7719 12.8019H25.7694C24.8165 12.7994 23.9372 12.2876 23.4615 11.4582C22.9863 10.6289 22.9867 9.60824 23.4632 8.77972C23.9397 7.95119 24.8198 7.44024 25.7724 7.43896C30.4341 7.44104 34.9043 9.30099 38.2005 12.611C41.4969 15.9207 43.3504 20.4092 43.3532 25.0905C43.3537 25.8018 43.0726 26.4841 42.5721 26.987C42.0712 27.4901 41.3922 27.7723 40.684 27.7719L40.6843 27.7717ZM40.6831 25.9092H40.6835C40.8996 25.9097 41.107 25.8236 41.2602 25.6698C41.4129 25.5164 41.499 25.3081 41.499 25.0907C41.4957 20.9035 39.8377 16.8889 36.889 13.9277C33.9402 10.9673 29.942 9.30317 25.7718 9.30104H25.7714C25.3235 9.30437 24.9621 9.66979 24.9621 10.1196C24.9617 10.5694 25.3231 10.9353 25.771 10.939C29.5076 10.9427 33.0901 12.4348 35.733 15.0875C38.3759 17.7407 39.8629 21.3375 39.8683 25.0898C39.8679 25.3072 39.9535 25.5155 40.1063 25.6689C40.2591 25.8227 40.466 25.9088 40.6826 25.9088L40.6831 25.9092Z\" fill=\"#2C2C2C\" \/>\n\t\t\t\t\t<path d=\"M32.5796 28.6113C31.8725 28.5764 31.2085 28.2613 30.7324 27.7354C30.2563 27.2095 30.0075 26.5156 30.0398 25.8056C30.1532 24.3843 29.6399 22.984 28.6352 21.9764C27.6309 20.9682 26.2366 20.4535 24.8212 20.5687C24.0698 20.6024 23.3388 20.3184 22.8055 19.7859C22.317 19.2924 22.038 18.6281 22.0276 17.9326C22.0173 17.2371 22.2764 16.5645 22.75 16.0568C23.2236 15.5492 23.8752 15.2462 24.567 15.2117C27.4864 15.0225 30.3453 16.1046 32.414 18.1816C34.483 20.2586 35.5615 23.1291 35.3744 26.0604C35.3413 26.7713 35.0279 27.4393 34.5038 27.9178C33.9797 28.3967 33.2872 28.6462 32.5797 28.6112L32.5796 28.6113ZM31.8928 25.8938C31.882 26.1108 31.9578 26.3232 32.1031 26.4845C32.2488 26.6454 32.4517 26.7418 32.6682 26.7518C32.8843 26.7622 33.0958 26.6861 33.2556 26.5398C33.4158 26.3935 33.5115 26.1893 33.5214 25.9719C33.6833 23.5649 32.8011 21.2048 31.1017 19.4995C29.4028 17.7938 27.0526 16.9087 24.6552 17.0721C24.3336 17.0883 24.0508 17.2932 23.9345 17.595C23.8182 17.8969 23.8898 18.2394 24.1171 18.4689L24.1175 18.4693C24.2785 18.6344 24.5029 18.7217 24.7327 18.7084C26.6705 18.5678 28.5731 19.2796 29.9475 20.6585C31.3216 22.0375 32.0315 23.9477 31.8928 25.8937L31.8928 25.8938Z\" fill=\"#2C2C2C\" \/>\n\t\t\t\t\t<path d=\"M47.2679 39.193C43.4647 37.4998 39.1035 35.2848 35.2987 33.5957H35.2983C35.0052 33.4705 34.6802 33.441 34.3693 33.5109C34.0584 33.5807 33.7769 33.7466 33.5646 33.9848L29.041 39.4038L29.0414 39.4042C25.6696 38.3312 22.5746 36.5248 19.9778 34.1137C16.3758 30.7076 13.778 26.3708 12.4703 21.5788L17.2849 16.3182H17.2845C17.5047 16.0759 17.6459 15.7724 17.6902 15.4473C17.7345 15.1226 17.679 14.7921 17.532 14.4994L12.5601 2.50526L12.5109 2.40424C12.3018 2.01345 11.9326 1.73492 11.5008 1.64221C8.95644 1.22067 6.34756 1.77773 4.19408 3.20156C-0.997171 7.35429 -0.796448 16.5803 1.58648 23.3937C4.52696 31.8038 10.5541 39.7577 18.5579 45.791C26.072 51.4549 35.4742 55.9605 43.129 50.5457C46.0467 48.4824 47.8422 45.0174 48.1808 40.8232L48.1812 40.8236C48.2201 40.4897 48.1531 40.1522 47.9887 39.8591C47.8248 39.566 47.5722 39.3328 47.268 39.1931L47.2679 39.193ZM46.3212 40.8086H46.3208C46.2636 41.396 46.1709 41.9797 46.043 42.5555L33.6626 36.7631L34.7936 35.4079C38.461 37.0483 42.6173 39.1511 46.3208 40.8086H46.3212ZM10.936 3.43187L15.806 15.1823L14.5193 16.5883L8.97497 3.42346C9.62615 3.34074 10.2852 3.34365 10.936 3.43178V3.43187ZM42.0619 49.0236C36.5415 52.9281 29.0085 51.3392 19.6718 44.3014C11.9582 38.4879 6.15742 30.8438 3.33628 22.7778C1.16372 16.5652 0.867293 8.2454 5.34987 4.65885C5.88349 4.26765 6.48331 3.97707 7.12003 3.8008L13.1406 18.0948L11.011 20.4212V20.4216C10.6351 20.8224 10.4944 21.3911 10.6405 21.922C12.0278 27.1074 14.8254 31.8026 18.7193 35.4817C21.5865 38.1436 25.0159 40.1204 28.7508 41.2632C29.3084 41.4203 29.9061 41.2428 30.2887 40.8063L32.4298 38.2412L45.5235 44.3677L45.523 44.3673C44.8644 46.2352 43.6576 47.8586 42.0618 49.0238L42.0619 49.0236Z\" fill=\"#2C2C2C\" \/>\n\t\t\t\t<\/g>\n\t\t\t\t<defs>\n\t\t\t\t\t<clipPath id=\"clip0_360_19042\">\n\t\t\t\t\t\t<rect width=\"50.4458\" height=\"53\" fill=\"white\" \/>\n\t\t\t\t\t<\/clipPath>\n\t\t\t\t<\/defs>\n\t\t\t<\/svg>\n\t\t\t<div class=\"text-4x2 font-semibold\">+55 (11) 5536-4402<\/div>\n\t\t<\/div>\n\t<\/div>\n\n\t<div class=\"grid grid-cols-1 md:grid-cols-2 lg:grid-cols-4 gap-y-20 gap-x-40\">\n\n\t\t\t\t\t\t<div class=\"w-full\">\n\t\t\t\t\t<div class=\"flex justify-between items-center border-b-5 py-5 open-content\" style=\"border-color: #ffd200;\">\n\t\t\t\t\t\t<div class=\"w-full text-xl font-bold\">Educa\u00e7\u00e3o Infantil<\/div>\n\t\t\t\t\t\t<svg class=\"w-20 h-auto md:hidden duration-300\" viewBox=\"0 0 20 11\" fill=\"none\" xmlns=\"http:\/\/www.w3.org\/2000\/svg\">\n\t\t\t\t\t\t\t<path d=\"M18 1.51376L10.8001 8.63283C10.305 9.12239 9.695 9.12239 9.19988 8.63283L2 1.51376\" stroke=\"#2C2C2C\" stroke-width=\"4\" \/>\n\t\t\t\t\t\t<\/svg>\n\t\t\t\t\t<\/div>\n\t\t\t\t\t<div class=\"hidden md:block\">\n\t\t\t\t\t\t\t\t\t\t\t\t\t\t<p class=\"font-bold my-10\">Per\u00edodo Integral e Per\u00edodo Parcial<\/p>\n\t\t\t\t\t\t\t\t<p class=\"text-md\">R. Diogo J\u00e1come, 818 \u2013 Moema <br> S\u00e3o Paulo (SP) \u2013 Brasil<\/p>\n\t\t\t\t\t\t\t\t\t\t\t\t\t<\/div>\n\n\t\t\t\t<\/div>\n\n\t\t\t\t\t\t\t\t<div class=\"w-full\">\n\t\t\t\t\t<div class=\"flex justify-between items-center border-b-5 py-5 open-content\" style=\"border-color: #ff8600;\">\n\t\t\t\t\t\t<div class=\"w-full text-xl font-bold\">Ensino Fundamental I<\/div>\n\t\t\t\t\t\t<svg class=\"w-20 h-auto md:hidden duration-300\" viewBox=\"0 0 20 11\" fill=\"none\" xmlns=\"http:\/\/www.w3.org\/2000\/svg\">\n\t\t\t\t\t\t\t<path d=\"M18 1.51376L10.8001 8.63283C10.305 9.12239 9.695 9.12239 9.19988 8.63283L2 1.51376\" stroke=\"#2C2C2C\" stroke-width=\"4\" \/>\n\t\t\t\t\t\t<\/svg>\n\t\t\t\t\t<\/div>\n\t\t\t\t\t<div class=\"hidden md:block\">\n\t\t\t\t\t\t\t\t\t\t\t\t\t\t<p class=\"font-bold my-10\">Per\u00edodo Integral<\/p>\n\t\t\t\t\t\t\t\t<p class=\"text-md\">R. Diogo J\u00e1come, 818 \u2013 Moema <br> S\u00e3o Paulo (SP) \u2013 Brasil<\/p>\n\t\t\t\t\t\t\t\t\t\t\t\t\t\t\t\t<p class=\"font-bold my-10\">Per\u00edodo Parcial<\/p>\n\t\t\t\t\t\t\t\t<p class=\"text-md\">R. Araguari, 167 \u2013 Moema <br> S\u00e3o Paulo (SP) \u2013 Brasil<\/p>\n\t\t\t\t\t\t\t\t\t\t\t\t\t<\/div>\n\n\t\t\t\t<\/div>\n\n\t\t\t\t\t\t\t\t<div class=\"w-full\">\n\t\t\t\t\t<div class=\"flex justify-between items-center border-b-5 py-5 open-content\" style=\"border-color: #ff8600;\">\n\t\t\t\t\t\t<div class=\"w-full text-xl font-bold\">Ensino Fundamental II<\/div>\n\t\t\t\t\t\t<svg class=\"w-20 h-auto md:hidden duration-300\" viewBox=\"0 0 20 11\" fill=\"none\" xmlns=\"http:\/\/www.w3.org\/2000\/svg\">\n\t\t\t\t\t\t\t<path d=\"M18 1.51376L10.8001 8.63283C10.305 9.12239 9.695 9.12239 9.19988 8.63283L2 1.51376\" stroke=\"#2C2C2C\" stroke-width=\"4\" \/>\n\t\t\t\t\t\t<\/svg>\n\t\t\t\t\t<\/div>\n\t\t\t\t\t<div class=\"hidden md:block\">\n\t\t\t\t\t\t\t\t\t\t\t\t\t\t<p class=\"font-bold my-10\">Per\u00edodo Integral<\/p>\n\t\t\t\t\t\t\t\t<p class=\"text-md\">R. Diogo J\u00e1come, 818 \u2013 Moema <br> S\u00e3o Paulo (SP) \u2013 Brasil<\/p>\n\t\t\t\t\t\t\t\t\t\t\t\t\t\t\t\t<p class=\"font-bold my-10\">Per\u00edodo Parcial<\/p>\n\t\t\t\t\t\t\t\t<p class=\"text-md\">R. Diogo J\u00e1come, 848 \u2013 Moema <br> S\u00e3o Paulo (SP) \u2013 Brasil<\/p>\n\t\t\t\t\t\t\t\t\t\t\t\t\t<\/div>\n\n\t\t\t\t<\/div>\n\n\t\t\t\t\t\t\t\t<div class=\"w-full\">\n\t\t\t\t\t<div class=\"flex justify-between items-center border-b-5 py-5 open-content\" style=\"border-color: #0eadad;\">\n\t\t\t\t\t\t<div class=\"w-full text-xl font-bold\">Ensino M\u00e9dio<\/div>\n\t\t\t\t\t\t<svg class=\"w-20 h-auto md:hidden duration-300\" viewBox=\"0 0 20 11\" fill=\"none\" xmlns=\"http:\/\/www.w3.org\/2000\/svg\">\n\t\t\t\t\t\t\t<path d=\"M18 1.51376L10.8001 8.63283C10.305 9.12239 9.695 9.12239 9.19988 8.63283L2 1.51376\" stroke=\"#2C2C2C\" stroke-width=\"4\" \/>\n\t\t\t\t\t\t<\/svg>\n\t\t\t\t\t<\/div>\n\t\t\t\t\t<div class=\"hidden md:block\">\n\t\t\t\t\t\t\t\t\t\t\t\t\t\t<p class=\"font-bold my-10\"><\/p>\n\t\t\t\t\t\t\t\t<p class=\"text-md\">R. Casa do Ator, 275 &#8211; Vila Ol\u00edmpia <br> S\u00e3o Paulo (SP) &#8211; Brasil<\/p>\n\t\t\t\t\t\t\t\t\t\t\t\t\t<\/div>\n\n\t\t\t\t<\/div>\n\n\t\t\t\t\t<\/div>\n\n\t<div class=\"border border-black rounded-full py-5 mt-64 px-20 items-center flex lg:hidden\">\n\t\t<svg class=\"mr-10\" width=\"25\" height=\"27\" viewBox=\"0 0 51 53\" fill=\"none\" xmlns=\"http:\/\/www.w3.org\/2000\/svg\">\n\t\t\t<g clip-path=\"url(#clip0_360_19042)\">\n\t\t\t\t<path d=\"M45.1354 23.7667C45.0666 18.9123 43.1159 14.2761 39.6977 10.8435C36.2795 7.41038 31.6629 5.4515 26.8287 5.38254C25.8749 5.37381 24.9982 4.85416 24.5291 4.02018C24.0597 3.18624 24.0692 2.16401 24.554 1.33879C25.0387 0.513575 25.9247 0.0109162 26.8789 0.0196431C33.1093 0.108609 39.0601 2.6341 43.4667 7.05874C47.873 11.4837 50.3876 17.4594 50.4758 23.7165C50.4828 24.4278 50.2079 25.1129 49.7116 25.6206C49.2156 26.1282 48.5388 26.4167 47.8305 26.4225H47.8048C47.101 26.4225 46.4258 26.1435 45.9261 25.6463C45.426 25.1487 45.142 24.4732 45.1358 23.7669L45.1354 23.7667ZM26.853 1.88241C26.4047 1.88324 26.0408 2.24742 26.0387 2.69765C26.0367 3.14789 26.3968 3.5158 26.8456 3.52038C32.1644 3.59604 37.2447 5.75159 41.0064 9.52885C44.7678 13.3061 46.9143 18.4075 46.9901 23.7495C46.9938 24.1989 47.3577 24.561 47.8052 24.5605H47.8131C48.0292 24.5589 48.2361 24.4712 48.3877 24.3161C48.5392 24.161 48.6232 23.9519 48.6207 23.7349C48.5392 17.965 46.2208 12.4548 42.1577 8.37342C38.0945 4.29306 32.6073 1.96457 26.8619 1.88231L26.853 1.88241Z\" fill=\"#2C2C2C\" \/>\n\t\t\t\t<path d=\"M40.6843 27.7717H40.6814C39.9735 27.7717 39.2946 27.4894 38.7941 26.9864C38.2936 26.4834 38.0129 25.8015 38.0137 25.0903C38.0087 21.8319 36.7176 18.7085 34.4228 16.4046C32.1278 14.101 29.0167 12.8053 25.7719 12.8019H25.7694C24.8165 12.7994 23.9372 12.2876 23.4615 11.4582C22.9863 10.6289 22.9867 9.60824 23.4632 8.77972C23.9397 7.95119 24.8198 7.44024 25.7724 7.43896C30.4341 7.44104 34.9043 9.30099 38.2005 12.611C41.4969 15.9207 43.3504 20.4092 43.3532 25.0905C43.3537 25.8018 43.0726 26.4841 42.5721 26.987C42.0712 27.4901 41.3922 27.7723 40.684 27.7719L40.6843 27.7717ZM40.6831 25.9092H40.6835C40.8996 25.9097 41.107 25.8236 41.2602 25.6698C41.4129 25.5164 41.499 25.3081 41.499 25.0907C41.4957 20.9035 39.8377 16.8889 36.889 13.9277C33.9402 10.9673 29.942 9.30317 25.7718 9.30104H25.7714C25.3235 9.30437 24.9621 9.66979 24.9621 10.1196C24.9617 10.5694 25.3231 10.9353 25.771 10.939C29.5076 10.9427 33.0901 12.4348 35.733 15.0875C38.3759 17.7407 39.8629 21.3375 39.8683 25.0898C39.8679 25.3072 39.9535 25.5155 40.1063 25.6689C40.2591 25.8227 40.466 25.9088 40.6826 25.9088L40.6831 25.9092Z\" fill=\"#2C2C2C\" \/>\n\t\t\t\t<path d=\"M32.5796 28.6113C31.8725 28.5764 31.2085 28.2613 30.7324 27.7354C30.2563 27.2095 30.0075 26.5156 30.0398 25.8056C30.1532 24.3843 29.6399 22.984 28.6352 21.9764C27.6309 20.9682 26.2366 20.4535 24.8212 20.5687C24.0698 20.6024 23.3388 20.3184 22.8055 19.7859C22.317 19.2924 22.038 18.6281 22.0276 17.9326C22.0173 17.2371 22.2764 16.5645 22.75 16.0568C23.2236 15.5492 23.8752 15.2462 24.567 15.2117C27.4864 15.0225 30.3453 16.1046 32.414 18.1816C34.483 20.2586 35.5615 23.1291 35.3744 26.0604C35.3413 26.7713 35.0279 27.4393 34.5038 27.9178C33.9797 28.3967 33.2872 28.6462 32.5797 28.6112L32.5796 28.6113ZM31.8928 25.8938C31.882 26.1108 31.9578 26.3232 32.1031 26.4845C32.2488 26.6454 32.4517 26.7418 32.6682 26.7518C32.8843 26.7622 33.0958 26.6861 33.2556 26.5398C33.4158 26.3935 33.5115 26.1893 33.5214 25.9719C33.6833 23.5649 32.8011 21.2048 31.1017 19.4995C29.4028 17.7938 27.0526 16.9087 24.6552 17.0721C24.3336 17.0883 24.0508 17.2932 23.9345 17.595C23.8182 17.8969 23.8898 18.2394 24.1171 18.4689L24.1175 18.4693C24.2785 18.6344 24.5029 18.7217 24.7327 18.7084C26.6705 18.5678 28.5731 19.2796 29.9475 20.6585C31.3216 22.0375 32.0315 23.9477 31.8928 25.8937L31.8928 25.8938Z\" fill=\"#2C2C2C\" \/>\n\t\t\t\t<path d=\"M47.2679 39.193C43.4647 37.4998 39.1035 35.2848 35.2987 33.5957H35.2983C35.0052 33.4705 34.6802 33.441 34.3693 33.5109C34.0584 33.5807 33.7769 33.7466 33.5646 33.9848L29.041 39.4038L29.0414 39.4042C25.6696 38.3312 22.5746 36.5248 19.9778 34.1137C16.3758 30.7076 13.778 26.3708 12.4703 21.5788L17.2849 16.3182H17.2845C17.5047 16.0759 17.6459 15.7724 17.6902 15.4473C17.7345 15.1226 17.679 14.7921 17.532 14.4994L12.5601 2.50526L12.5109 2.40424C12.3018 2.01345 11.9326 1.73492 11.5008 1.64221C8.95644 1.22067 6.34756 1.77773 4.19408 3.20156C-0.997171 7.35429 -0.796448 16.5803 1.58648 23.3937C4.52696 31.8038 10.5541 39.7577 18.5579 45.791C26.072 51.4549 35.4742 55.9605 43.129 50.5457C46.0467 48.4824 47.8422 45.0174 48.1808 40.8232L48.1812 40.8236C48.2201 40.4897 48.1531 40.1522 47.9887 39.8591C47.8248 39.566 47.5722 39.3328 47.268 39.1931L47.2679 39.193ZM46.3212 40.8086H46.3208C46.2636 41.396 46.1709 41.9797 46.043 42.5555L33.6626 36.7631L34.7936 35.4079C38.461 37.0483 42.6173 39.1511 46.3208 40.8086H46.3212ZM10.936 3.43187L15.806 15.1823L14.5193 16.5883L8.97497 3.42346C9.62615 3.34074 10.2852 3.34365 10.936 3.43178V3.43187ZM42.0619 49.0236C36.5415 52.9281 29.0085 51.3392 19.6718 44.3014C11.9582 38.4879 6.15742 30.8438 3.33628 22.7778C1.16372 16.5652 0.867293 8.2454 5.34987 4.65885C5.88349 4.26765 6.48331 3.97707 7.12003 3.8008L13.1406 18.0948L11.011 20.4212V20.4216C10.6351 20.8224 10.4944 21.3911 10.6405 21.922C12.0278 27.1074 14.8254 31.8026 18.7193 35.4817C21.5865 38.1436 25.0159 40.1204 28.7508 41.2632C29.3084 41.4203 29.9061 41.2428 30.2887 40.8063L32.4298 38.2412L45.5235 44.3677L45.523 44.3673C44.8644 46.2352 43.6576 47.8586 42.0618 49.0238L42.0619 49.0236Z\" fill=\"#2C2C2C\" \/>\n\t\t\t<\/g>\n\t\t\t<defs>\n\t\t\t\t<clipPath id=\"clip0_360_19042\">\n\t\t\t\t\t<rect width=\"50.4458\" height=\"53\" fill=\"white\" \/>\n\t\t\t\t<\/clipPath>\n\t\t\t<\/defs>\n\t\t<\/svg>\n\t\t<div class=\"text-2xl font-semibold\">+55 (11) 5536-4402<\/div>\n\t<\/div>\n\n<\/div>\n","protected":false},"excerpt":{"rendered":"","protected":false},"author":10,"featured_media":0,"parent":0,"menu_order":29,"comment_status":"closed","ping_status":"closed","template":"page-contato.php","meta":{"_acf_changed":false,"footnotes":""},"class_list":["post-4651","page","type-page","status-publish","hentry"],"acf":[],"_links":{"self":[{"href":"https:\/\/homolog.escolamobile.com.br\/en\/wp-json\/wp\/v2\/pages\/4651","targetHints":{"allow":["GET"]}}],"collection":[{"href":"https:\/\/homolog.escolamobile.com.br\/en\/wp-json\/wp\/v2\/pages"}],"about":[{"href":"https:\/\/homolog.escolamobile.com.br\/en\/wp-json\/wp\/v2\/types\/page"}],"author":[{"embeddable":true,"href":"https:\/\/homolog.escolamobile.com.br\/en\/wp-json\/wp\/v2\/users\/10"}],"replies":[{"embeddable":true,"href":"https:\/\/homolog.escolamobile.com.br\/en\/wp-json\/wp\/v2\/comments?post=4651"}],"version-history":[{"count":7,"href":"https:\/\/homolog.escolamobile.com.br\/en\/wp-json\/wp\/v2\/pages\/4651\/revisions"}],"predecessor-version":[{"id":5954,"href":"https:\/\/homolog.escolamobile.com.br\/en\/wp-json\/wp\/v2\/pages\/4651\/revisions\/5954"}],"wp:attachment":[{"href":"https:\/\/homolog.escolamobile.com.br\/en\/wp-json\/wp\/v2\/media?parent=4651"}],"curies":[{"name":"wp","href":"https:\/\/api.w.org\/{rel}","templated":true}]}}